{"id":2687,"date":"2022-05-07T17:06:46","date_gmt":"2022-05-07T17:06:46","guid":{"rendered":"http:\/\/www.ccplima.org.pe\/wp2\/?page_id=2687"},"modified":"2026-04-16T20:23:35","modified_gmt":"2026-04-17T01:23:35","slug":"colegiatura","status":"publish","type":"page","link":"https:\/\/www.ccplima.org.pe\/wp2\/colegiatura\/","title":{"rendered":"Colegiatura"},"content":{"rendered":"<p>[et_pb_section fb_built=\u00bb1&#8243; fullwidth=\u00bbon\u00bb admin_label=\u00bbHero\u00bb _builder_version=\u00bb4.17.3&#8243; use_background_color_gradient=\u00bbon\u00bb background_color_gradient_direction=\u00bb90deg\u00bb background_color_gradient_stops=\u00bb#eeeff2 3%|rgba(238,239,242,0) 52%\u00bb background_color_gradient_overlays_image=\u00bbon\u00bb background_color_gradient_start=\u00bb#eeeff2&#8243; background_color_gradient_start_position=\u00bb33%\u00bb background_color_gradient_end=\u00bbrgba(238,239,242,0)\u00bb background_color_gradient_end_position=\u00bb52%\u00bb background_image=\u00bbhttps:\/\/www.ccplima.org.pe\/wp2\/wp-content\/uploads\/2026\/01\/1-WhatsApp-Image-2026-01-26-at-10.51.01.jpeg\u00bb hover_enabled=\u00bb0&#8243; global_colors_info=\u00bb{}\u00bb title_text=\u00bb1 WhatsApp Image 2026-01-26 at 10.51.01&#8243; sticky_enabled=\u00bb0&#8243;][et_pb_fullwidth_header title=\u00bbtr\u00e1mites\u00bb subhead=\u00bbColegiatura\u00bb content_max_width=\u00bb600px\u00bb _builder_version=\u00bb4.17.3&#8243; title_font=\u00bbRubik|700||on|||||\u00bb title_text_color=\u00bb#0C71C3&#8243; title_font_size=\u00bb24px\u00bb title_letter_spacing=\u00bb5px\u00bb title_line_height=\u00bb0.5em\u00bb content_font=\u00bbRubik||||||||\u00bb content_font_size=\u00bb18px\u00bb subhead_font=\u00bbRubik|700|||||||\u00bb subhead_text_color=\u00bbrgba(0,0,0,0.8)\u00bb subhead_font_size=\u00bb55px\u00bb subhead_line_height=\u00bb1.4em\u00bb background_color=\u00bbrgba(255,255,255,0)\u00bb use_background_color_gradient=\u00bbon\u00bb background_color_gradient_stops=\u00bbrgba(255,255,255,0) 50%|rgba(255,255,255,0.7) 100%\u00bb background_color_gradient_start=\u00bbrgba(255,255,255,0)\u00bb background_color_gradient_start_position=\u00bb50%\u00bb background_color_gradient_end=\u00bbrgba(255,255,255,0.7)\u00bb background_size=\u00bbcontain\u00bb background_position=\u00bbbottom_center\u00bb custom_button_one=\u00bbon\u00bb button_one_text_size=\u00bb16px\u00bb button_one_text_color=\u00bb#ffffff\u00bb button_one_bg_color=\u00bb#ff7355&#8243; button_one_border_width=\u00bb15px\u00bb button_one_border_color=\u00bbrgba(210,159,104,0)\u00bb button_one_border_radius=\u00bb100px\u00bb button_one_letter_spacing=\u00bb0px\u00bb button_one_font=\u00bbRubik|700|||||||\u00bb button_one_use_icon=\u00bboff\u00bb custom_button_two=\u00bbon\u00bb button_two_text_size=\u00bb16px\u00bb button_two_text_color=\u00bb#ffffff\u00bb button_two_bg_color=\u00bbrgba(0,0,0,0.6)\u00bb button_two_border_width=\u00bb15px\u00bb button_two_border_color=\u00bbrgba(210,159,104,0)\u00bb button_two_border_radius=\u00bb100px\u00bb button_two_letter_spacing=\u00bb0px\u00bb button_two_font=\u00bbRubik|700|||||||\u00bb button_two_use_icon=\u00bboff\u00bb background_layout=\u00bblight\u00bb max_width_last_edited=\u00bboff|desktop\u00bb module_alignment=\u00bbcenter\u00bb custom_margin=\u00bb|||\u00bb custom_padding=\u00bb8vw||12vw|||\u00bb subhead_font_size_tablet=\u00bb\u00bb subhead_font_size_phone=\u00bb30px\u00bb subhead_font_size_last_edited=\u00bbon|phone\u00bb button_one_border_radius_hover=\u00bb100px\u00bb button_two_border_radius_hover=\u00bb100px\u00bb button_one_bg_color_hover=\u00bb#ff8a70&#8243; button_two_bg_color_hover=\u00bb#ff8a70&#8243; global_colors_info=\u00bb{}\u00bb button_one_text_size__hover_enabled=\u00bboff\u00bb button_two_text_size__hover_enabled=\u00bboff\u00bb button_one_text_color__hover_enabled=\u00bboff\u00bb button_two_text_color__hover_enabled=\u00bboff\u00bb button_one_border_width__hover_enabled=\u00bboff\u00bb button_two_border_width__hover_enabled=\u00bboff\u00bb button_one_border_color__hover_enabled=\u00bboff\u00bb button_two_border_color__hover_enabled=\u00bboff\u00bb button_one_border_radius__hover_enabled=\u00bbon\u00bb button_one_border_radius__hover=\u00bb100px\u00bb button_two_border_radius__hover_enabled=\u00bbon\u00bb button_two_border_radius__hover=\u00bb100px\u00bb button_one_letter_spacing__hover_enabled=\u00bboff\u00bb button_two_letter_spacing__hover_enabled=\u00bboff\u00bb button_one_bg_color__hover_enabled=\u00bbon\u00bb button_one_bg_color__hover=\u00bb#ff8a70&#8243; button_two_bg_color__hover_enabled=\u00bbon\u00bb button_two_bg_color__hover=\u00bb#ff8a70&#8243;][\/et_pb_fullwidth_header][\/et_pb_section][et_pb_section fb_built=\u00bb1&#8243; admin_label=\u00bbAdmissions\u00bb _builder_version=\u00bb4.16&#8243; use_background_color_gradient=\u00bbon\u00bb background_color_gradient_stops=\u00bb#ffffff 0%|#e3e3e8 100%\u00bb background_color_gradient_start=\u00bb#ffffff\u00bb background_color_gradient_end=\u00bb#e3e3e8&#8243; background_image=\u00bbhttps:\/\/www.ccplima.org.pe\/wp2\/wp-content\/uploads\/2022\/04\/shapes-bg-1.png\u00bb parallax=\u00bbon\u00bb custom_padding=\u00bb|||\u00bb global_colors_info=\u00bb{}\u00bb][et_pb_row _builder_version=\u00bb4.17.3&#8243; _module_preset=\u00bbdefault\u00bb global_colors_info=\u00bb{}\u00bb][et_pb_column type=\u00bb4_4&#8243; _builder_version=\u00bb4.17.3&#8243; _module_preset=\u00bbdefault\u00bb global_colors_info=\u00bb{}\u00bb][et_pb_blurb title=\u00bbREQUISITOS PARA COLEGIACI\u00d3N (CCPL &#8211; SIMO)\u00bb use_icon=\u00bbon\u00bb font_icon=\u00bb&#x68;||divi||400&#8243; icon_color=\u00bb#0C71C3&#8243; _builder_version=\u00bb4.17.3&#8243; _module_preset=\u00bbdefault\u00bb header_text_color=\u00bb#0C71C3&#8243; header_font_size=\u00bb32px\u00bb text_orientation=\u00bbcenter\u00bb global_colors_info=\u00bb{}\u00bb][\/et_pb_blurb][\/et_pb_column][\/et_pb_row][et_pb_row column_structure=\u00bb1_2,1_2&#8243; _builder_version=\u00bb4.17.3&#8243; global_colors_info=\u00bb{}\u00bb][et_pb_column type=\u00bb1_2&#8243; _builder_version=\u00bb4.16&#8243; custom_padding=\u00bb|||\u00bb global_colors_info=\u00bb{}\u00bb custom_padding__hover=\u00bb|||\u00bb][et_pb_text _builder_version=\u00bb4.17.3&#8243; text_font=\u00bb|500|||||||\u00bb text_font_size=\u00bb16px\u00bb header_font=\u00bb||||||||\u00bb header_2_font=\u00bbRubik|700|||||||\u00bb header_2_font_size=\u00bb40px\u00bb header_2_line_height=\u00bb1.4em\u00bb header_5_font=\u00bbRubik|700||on|||||\u00bb header_5_text_color=\u00bb#2b76df\u00bb header_5_letter_spacing=\u00bb5px\u00bb header_5_line_height=\u00bb1.5em\u00bb max_width=\u00bb700px\u00bb module_alignment=\u00bbcenter\u00bb custom_margin=\u00bb|||\u00bb custom_margin_tablet=\u00bb0px|||\u00bb custom_margin_last_edited=\u00bboff|desktop\u00bb text_line_height_last_edited=\u00bboff|desktop\u00bb header_2_font_size_tablet=\u00bb\u00bb header_2_font_size_phone=\u00bb30px\u00bb header_2_font_size_last_edited=\u00bbon|phone\u00bb locked=\u00bboff\u00bb global_colors_info=\u00bb{}\u00bb]<\/p>\n<h4 class=\"et_pb_module_header et-fb-editable-element et-fb-editable-element__editing\" data-shortcode-id=\"1.0.0.0-1655499050664\" data-quickaccess-id=\"header\" contenteditable=\"true\"><strong><span style=\"text-decoration: underline;\">Estimados Colegas<\/span><\/strong><\/h4>\n<p style=\"text-align: justify;\">Es grato dirigirme a ustedes con el objeto de informarles acerca de los requisitos para su incorporaci\u00f3n como CONTADORES P\u00daBLICOS:<\/p>\n<p>[\/et_pb_text][et_pb_text _builder_version=\u00bb4.17.3&#8243; text_font=\u00bbRubik|500|||||||\u00bb text_font_size=\u00bb16px\u00bb text_line_height=\u00bb1.2em\u00bb header_font=\u00bb||||||||\u00bb header_2_font=\u00bb||||||||\u00bb header_3_font=\u00bbRubik|700|||||||\u00bb header_3_text_color=\u00bb#0C71C3&#8243; header_3_font_size=\u00bb30px\u00bb header_5_font=\u00bb||||||||\u00bb max_width=\u00bb700px\u00bb module_alignment=\u00bbcenter\u00bb custom_margin=\u00bb|||\u00bb custom_margin_tablet=\u00bb0px|||\u00bb custom_margin_last_edited=\u00bboff|desktop\u00bb animation_style=\u00bbzoom\u00bb animation_intensity_zoom=\u00bb10%\u00bb text_line_height_last_edited=\u00bboff|desktop\u00bb header_2_font_size_phone=\u00bb30px\u00bb header_2_font_size_last_edited=\u00bboff|desktop\u00bb global_colors_info=\u00bb{}\u00bb]<\/p>\n<h3>01.<\/h3>\n<p style=\"text-align: justify;\">Carpeta de Inscripci\u00f3n en el Registro de Colegiatura, que incluye:<\/p>\n<ul>\n<li>Fichas de Solicitud de Ingreso<\/li>\n<li>Declaraci\u00f3n Jurada<\/li>\n<li>Constancia del curso de \u00e9tica<\/li>\n<li>Entre otros<\/li>\n<\/ul>\n<p><strong>(*)\u00a0\u00a0 Costo S\/ 20.00<\/strong><strong><\/strong><\/p>\n<p><strong>(*) <\/strong>Adquisici\u00f3n de la Carpeta de Inscripci\u00f3n exclusivamente en modalidad presencial en la siguiente direcci\u00f3n: Av. Alejandro Tirado 181, Lima.<\/p>\n<p>[\/et_pb_text][et_pb_text _builder_version=\u00bb4.17.3&#8243; text_font=\u00bbRubik|500|||||||\u00bb text_font_size=\u00bb16px\u00bb text_line_height=\u00bb1.2em\u00bb header_font=\u00bb||||||||\u00bb header_2_font=\u00bb||||||||\u00bb header_3_font=\u00bbRubik|700|||||||\u00bb header_3_text_color=\u00bb#E06100&#8243; header_3_font_size=\u00bb30px\u00bb header_5_font=\u00bb||||||||\u00bb max_width=\u00bb700px\u00bb module_alignment=\u00bbcenter\u00bb custom_margin=\u00bb|||\u00bb custom_margin_tablet=\u00bb0px|||\u00bb custom_margin_last_edited=\u00bboff|desktop\u00bb animation_style=\u00bbzoom\u00bb animation_intensity_zoom=\u00bb10%\u00bb text_line_height_last_edited=\u00bboff|desktop\u00bb header_2_font_size_phone=\u00bb30px\u00bb header_2_font_size_last_edited=\u00bboff|desktop\u00bb global_colors_info=\u00bb{}\u00bb]<\/p>\n<h3>02.<\/h3>\n<p>T\u00edtulo Profesional original de Contador<\/p>\n<p>[\/et_pb_text][et_pb_text _builder_version=\u00bb4.17.3&#8243; text_font=\u00bbRubik|500|||||||\u00bb text_font_size=\u00bb16px\u00bb text_line_height=\u00bb1.2em\u00bb header_font=\u00bb||||||||\u00bb header_2_font=\u00bb||||||||\u00bb header_3_font=\u00bbRubik|700|||||||\u00bb header_3_text_color=\u00bb#7CDA24&#8243; header_3_font_size=\u00bb30px\u00bb header_5_font=\u00bb||||||||\u00bb max_width=\u00bb700px\u00bb module_alignment=\u00bbcenter\u00bb custom_margin=\u00bb|||\u00bb custom_margin_tablet=\u00bb0px|||\u00bb custom_margin_last_edited=\u00bboff|desktop\u00bb animation_style=\u00bbzoom\u00bb animation_intensity_zoom=\u00bb10%\u00bb text_line_height_last_edited=\u00bboff|desktop\u00bb header_2_font_size_phone=\u00bb30px\u00bb header_2_font_size_last_edited=\u00bboff|desktop\u00bb global_colors_info=\u00bb{}\u00bb]<\/p>\n<h3>03.<\/h3>\n<p style=\"text-align: justify;\">Copia fotost\u00e1tica de T\u00edtulo Profesional en A-4 certificada por la secretaria de la universidad<\/p>\n<p>[\/et_pb_text][et_pb_text _builder_version=\u00bb4.17.3&#8243; text_font=\u00bbRubik|500|||||||\u00bb text_font_size=\u00bb16px\u00bb text_line_height=\u00bb1.2em\u00bb header_font=\u00bb||||||||\u00bb header_2_font=\u00bb||||||||\u00bb header_3_font=\u00bbRubik|700|||||||\u00bb header_3_text_color=\u00bb#8300E9&#8243; header_3_font_size=\u00bb30px\u00bb header_5_font=\u00bb||||||||\u00bb max_width=\u00bb700px\u00bb module_alignment=\u00bbcenter\u00bb custom_margin=\u00bb|||\u00bb custom_margin_tablet=\u00bb0px|||\u00bb custom_margin_last_edited=\u00bboff|desktop\u00bb animation_style=\u00bbzoom\u00bb animation_intensity_zoom=\u00bb10%\u00bb text_line_height_last_edited=\u00bboff|desktop\u00bb header_2_font_size_phone=\u00bb30px\u00bb header_2_font_size_last_edited=\u00bboff|desktop\u00bb global_colors_info=\u00bb{}\u00bb]<\/p>\n<h3>04.<\/h3>\n<p style=\"text-align: justify;\">Constancia de inscripci\u00f3n del T\u00edtulo Profesional por la SUNEDU (Grados y T\u00edtulos)\u00a0<\/p>\n<p>[\/et_pb_text][et_pb_text _builder_version=\u00bb4.17.3&#8243; text_font=\u00bbRubik|500|||||||\u00bb text_font_size=\u00bb16px\u00bb text_line_height=\u00bb1.2em\u00bb header_font=\u00bb||||||||\u00bb header_2_font=\u00bb||||||||\u00bb header_3_font=\u00bbRubik|700|||||||\u00bb header_3_text_color=\u00bb#E09900&#8243; header_3_font_size=\u00bb30px\u00bb header_5_font=\u00bb||||||||\u00bb max_width=\u00bb700px\u00bb module_alignment=\u00bbcenter\u00bb custom_margin=\u00bb|||\u00bb custom_margin_tablet=\u00bb0px|||\u00bb custom_margin_last_edited=\u00bboff|desktop\u00bb animation_style=\u00bbzoom\u00bb animation_intensity_zoom=\u00bb10%\u00bb text_line_height_last_edited=\u00bboff|desktop\u00bb header_2_font_size_phone=\u00bb30px\u00bb header_2_font_size_last_edited=\u00bboff|desktop\u00bb global_colors_info=\u00bb{}\u00bb]<\/p>\n<h3>05.<\/h3>\n<p>Copia simple de DNI <span style=\"color: #ff9900;\">VIGENTE<\/span><\/p>\n<p>[\/et_pb_text][et_pb_text _builder_version=\u00bb4.17.3&#8243; text_font=\u00bbRubik|500|||||||\u00bb text_font_size=\u00bb16px\u00bb text_line_height=\u00bb1.2em\u00bb header_font=\u00bb||||||||\u00bb header_2_font=\u00bb||||||||\u00bb header_3_font=\u00bbRubik|700|||||||\u00bb header_3_text_color=\u00bb#0C71C3&#8243; header_3_font_size=\u00bb30px\u00bb header_5_font=\u00bb||||||||\u00bb max_width=\u00bb700px\u00bb module_alignment=\u00bbcenter\u00bb custom_margin=\u00bb|||\u00bb custom_margin_tablet=\u00bb0px|||\u00bb custom_margin_last_edited=\u00bboff|desktop\u00bb animation_style=\u00bbzoom\u00bb animation_intensity_zoom=\u00bb10%\u00bb text_line_height_last_edited=\u00bboff|desktop\u00bb header_2_font_size_phone=\u00bb30px\u00bb header_2_font_size_last_edited=\u00bboff|desktop\u00bb global_colors_info=\u00bb{}\u00bb]<\/p>\n<h3>06.<\/h3>\n<p>Resoluci\u00f3n Rectoral de la Universidad<\/p>\n<p>[\/et_pb_text][\/et_pb_column][et_pb_column type=\u00bb1_2&#8243; _builder_version=\u00bb4.17.3&#8243; custom_padding=\u00bb|||\u00bb global_colors_info=\u00bb{}\u00bb custom_padding__hover=\u00bb|||\u00bb][et_pb_text _builder_version=\u00bb4.17.3&#8243; text_font=\u00bbRubik|500|||||||\u00bb text_font_size=\u00bb16px\u00bb text_line_height=\u00bb1.2em\u00bb header_font=\u00bb||||||||\u00bb header_2_font=\u00bb||||||||\u00bb header_3_font=\u00bbRubik|700|||||||\u00bb header_3_text_color=\u00bb#E06100&#8243; header_3_font_size=\u00bb30px\u00bb header_5_font=\u00bb||||||||\u00bb max_width=\u00bb700px\u00bb module_alignment=\u00bbcenter\u00bb custom_margin=\u00bb|||\u00bb custom_margin_tablet=\u00bb0px|||\u00bb custom_margin_last_edited=\u00bboff|desktop\u00bb animation_style=\u00bbzoom\u00bb animation_intensity_zoom=\u00bb10%\u00bb text_line_height_last_edited=\u00bboff|desktop\u00bb header_2_font_size_phone=\u00bb30px\u00bb header_2_font_size_last_edited=\u00bboff|desktop\u00bb global_colors_info=\u00bb{}\u00bb]<\/p>\n<h3>07.<\/h3>\n<p style=\"text-align: justify;\">Asistencia a la Charla de Deontolog\u00eda Profesional (2 d\u00edas antes de la ceremonia, el Colegio lo organiza)<\/p>\n<p>[\/et_pb_text][et_pb_text _builder_version=\u00bb4.17.3&#8243; text_font=\u00bbRubik|500|||||||\u00bb text_font_size=\u00bb16px\u00bb text_line_height=\u00bb1.2em\u00bb header_font=\u00bb||||||||\u00bb header_2_font=\u00bb||||||||\u00bb header_3_font=\u00bbRubik|700|||||||\u00bb header_3_text_color=\u00bb#7CDA24&#8243; header_3_font_size=\u00bb30px\u00bb header_5_font=\u00bb||||||||\u00bb max_width=\u00bb700px\u00bb module_alignment=\u00bbcenter\u00bb custom_margin=\u00bb|||\u00bb custom_margin_tablet=\u00bb0px|||\u00bb custom_margin_last_edited=\u00bboff|desktop\u00bb animation_style=\u00bbzoom\u00bb animation_intensity_zoom=\u00bb10%\u00bb text_line_height_last_edited=\u00bboff|desktop\u00bb header_2_font_size_phone=\u00bb30px\u00bb header_2_font_size_last_edited=\u00bboff|desktop\u00bb global_colors_info=\u00bb{}\u00bb]<\/p>\n<h3>08.<\/h3>\n<p style=\"text-align: justify;\">Tres (3) fotograf\u00edas de frente a color con fondo blanco tama\u00f1o pasaporte con vestimenta formal. (02 Adjuntos a la carpeta y 01 enviar al correo de colegiaturas@ccplima.org.pe)<\/p>\n<p>[\/et_pb_text][et_pb_text _builder_version=\u00bb4.17.3&#8243; text_font=\u00bbRubik|500|||||||\u00bb text_font_size=\u00bb16px\u00bb text_line_height=\u00bb1.2em\u00bb header_font=\u00bb||||||||\u00bb header_2_font=\u00bb||||||||\u00bb header_3_font=\u00bbRubik|700|||||||\u00bb header_3_text_color=\u00bb#8300E9&#8243; header_3_font_size=\u00bb30px\u00bb header_5_font=\u00bb||||||||\u00bb max_width=\u00bb700px\u00bb module_alignment=\u00bbcenter\u00bb custom_margin=\u00bb|||\u00bb custom_margin_tablet=\u00bb0px|||\u00bb custom_margin_last_edited=\u00bboff|desktop\u00bb animation_style=\u00bbzoom\u00bb animation_intensity_zoom=\u00bb10%\u00bb text_line_height_last_edited=\u00bboff|desktop\u00bb header_2_font_size_phone=\u00bb30px\u00bb header_2_font_size_last_edited=\u00bboff|desktop\u00bb global_colors_info=\u00bb{}\u00bb]<\/p>\n<h3>09.<\/h3>\n<p style=\"text-align: justify;\"><a href=\"https:\/\/www.gob.pe\/326-antecedentes-penales\" target=\"_blank\" rel=\"noopener\"><\/a><span style=\"font-size: 16px;\">Certificado \u00danico Laboral (CUL), <\/span><a href=\"https:\/\/www.empleosperu.gob.pe\/CertificadoUnicoLaboral\/\" target=\"_blank\" rel=\"noopener\" style=\"font-size: 16px;\">obtener aqu\u00ed<\/a><\/p>\n<p>[\/et_pb_text][et_pb_text _builder_version=\u00bb4.17.3&#8243; text_font=\u00bbRubik|500|||||||\u00bb text_font_size=\u00bb16px\u00bb text_line_height=\u00bb1.2em\u00bb header_font=\u00bb||||||||\u00bb header_2_font=\u00bb||||||||\u00bb header_3_font=\u00bbRubik|700|||||||\u00bb header_3_text_color=\u00bb#E09900&#8243; header_3_font_size=\u00bb30px\u00bb header_5_font=\u00bb||||||||\u00bb max_width=\u00bb700px\u00bb module_alignment=\u00bbcenter\u00bb custom_margin=\u00bb|||\u00bb custom_margin_tablet=\u00bb0px|||\u00bb custom_margin_last_edited=\u00bboff|desktop\u00bb animation_style=\u00bbzoom\u00bb animation_intensity_zoom=\u00bb10%\u00bb text_line_height_last_edited=\u00bboff|desktop\u00bb header_2_font_size_phone=\u00bb30px\u00bb header_2_font_size_last_edited=\u00bboff|desktop\u00bb global_colors_info=\u00bb{}\u00bb]<\/p>\n<h3>10.<\/h3>\n<p style=\"text-align: justify;\">Pago por derecho a Inscripci\u00f3n <strong>S\/ 1,500.00 soles (**)<\/strong><\/p>\n<p style=\"text-align: justify;\"><strong>Si usted es titulado de la Universidad: Nacional Jos\u00e9 Faustino S\u00e1nchez Carri\u00f3n, C\u00e9sar Vallejo, Marcelino Champagnat, Nacional Federico Villareal, Continental, Peruana Uni\u00f3n y\u00a0 Tecnol\u00f3gica Latinoamericana en L\u00ednea, por convenio tiene un descuento del 15% cuyo pago por derecho a Inscripci\u00f3n es de S\/ 1,275 soles (**)<\/strong><\/p>\n<p style=\"text-align: justify;\">Puede realizar el pago, siguiendo los pasos del canal de su preferencia, haciendo clic en cualquiera de las im\u00e1genes de abajo<\/p>\n<table border=\"0\" style=\"border-collapse: collapse; width: 100%;\">\n<tbody>\n<tr>\n<td style=\"width: 25%; padding: 0px;\"><a href=\"https:\/\/www.ccplima.org.pe\/wp2\/wp-content\/uploads\/2023\/01\/Agente.pdf\" target=\"_blank\" rel=\"noopener\"><br \/><img decoding=\"async\" src=\"https:\/\/www.ccplima.org.pe\/wp2\/wp-content\/uploads\/2023\/01\/bcp_agente.png\" width=\"100%\" alt=\"\" class=\"wp-image-2725 alignnone size-large\" \/><\/a><\/td>\n<td style=\"width: 25%; padding: 0px;\"><a href=\"https:\/\/www.ccplima.org.pe\/wp2\/wp-content\/uploads\/2023\/01\/Banca-Movil.pdf\" target=\"_blank\" rel=\"noopener\"><br \/><img decoding=\"async\" src=\"https:\/\/www.ccplima.org.pe\/wp2\/wp-content\/uploads\/2023\/01\/bcp_banca_movil1-2.png\" width=\"100%\" alt=\"\" class=\"wp-image-2725 alignnone size-large\" \/><\/a><\/td>\n<td style=\"width: 25%; padding: 0px;\"><a href=\"https:\/\/www.ccplima.org.pe\/wp2\/wp-content\/uploads\/2023\/01\/Banca-por-Internet.pdf\" target=\"_blank\" rel=\"noopener\"><br \/><img decoding=\"async\" src=\"https:\/\/www.ccplima.org.pe\/wp2\/wp-content\/uploads\/2023\/01\/bcp_banca_internet1.png\" width=\"100%\" alt=\"\" class=\"wp-image-2725 alignnone size-large\" \/><\/a><\/td>\n<td style=\"width: 25%; padding: 0px;\"><a href=\"https:\/\/www.ccplima.org.pe\/wp2\/wp-content\/uploads\/2023\/01\/Telecredito.pdf\" target=\"_blank\" rel=\"noopener\"><br \/><img decoding=\"async\" src=\"https:\/\/www.ccplima.org.pe\/wp2\/wp-content\/uploads\/2023\/01\/bcp_telecredito.png\" width=\"100%\" alt=\"\" class=\"wp-image-2725 alignnone size-large\" \/><\/a><\/td>\n<\/tr>\n<\/tbody>\n<\/table>\n<p>&nbsp;<\/p>\n<p>[\/et_pb_text][et_pb_text _builder_version=\u00bb4.17.3&#8243; _module_preset=\u00bbdefault\u00bb text_line_height=\u00bb1.3em\u00bb global_colors_info=\u00bb{}\u00bb]<\/p>\n<h5 style=\"text-align: center;\"><strong>CPC. FRANCISCO MAURO GARC\u00cdA ESPINOZA<\/strong><\/h5>\n<p style=\"text-align: justify;\"><strong>Decano del Colegio de Contadores P\u00fablicos de Lima, Periodo 2025 &#8211; 2027<\/strong><\/p>\n<p><strong>(*)<\/strong> SOLICITAR LA CARPETA CON TODOS LOS DOCUMENTOS EN NUESTRA SEDE; FORMA PARTE DEL ACERVO DOCUMENTARIO DEL CCPL, A DISPOSICION DEL COLEGIADO.<\/p>\n<p><strong>(**)<\/strong> CUBRE EL DERECHO DE INSCRIPCION, TRES (3) MESES DE HABILITACION CONTADO DESPU\u00c9S DE LA COLEGIATURA, CARNET, MEDALLA Y CINTA PARA EL COLEGIADO, PIN INSTITUCIONAL (INSIGNIA CCPL), DIPLOMA + PORTA-DIPLOMA, CHARLA DEONTOLOG\u00cdA PROFESIONAL \u2013 VIRTUAL, PROGRAMA DE JURAMENTACI\u00d3N, CEREMONIA DE JURAMENTACI\u00d3N E INCORPORACI\u00d3N Y UNA FOTO DIGITAL<\/p>\n<p>[\/et_pb_text][\/et_pb_column][\/et_pb_row][et_pb_row _builder_version=\u00bb4.17.3&#8243; _module_preset=\u00bbdefault\u00bb global_colors_info=\u00bb{}\u00bb][et_pb_column type=\u00bb4_4&#8243; _builder_version=\u00bb4.17.3&#8243; _module_preset=\u00bbdefault\u00bb global_colors_info=\u00bb{}\u00bb][et_pb_text _builder_version=\u00bb4.17.3&#8243; _module_preset=\u00bbdefault\u00bb custom_margin=\u00bb||7px|||\u00bb global_colors_info=\u00bb{}\u00bb]<\/p>\n<p style=\"text-align: center;\"><strong>Antes de iniciar su proceso de inscripci\u00f3n es obligatorio que compre su Carpeta (Requisito 01)<\/strong><\/p>\n<p>[\/et_pb_text][et_pb_button button_url=\u00bbhttp:\/\/regcol.ccplima.org.pe\u00bb url_new_window=\u00bbon\u00bb button_text=\u00bbIniciar proceso de Inscripci\u00f3n\u00bb button_alignment=\u00bbcenter\u00bb disabled_on=\u00bboff|off|off\u00bb _builder_version=\u00bb4.17.3&#8243; _module_preset=\u00bbdefault\u00bb custom_button=\u00bbon\u00bb button_bg_color=\u00bb#0C71C3&#8243; button_border_radius=\u00bb41px\u00bb button_font=\u00bb||||||||\u00bb button_icon=\u00bb&#x49;||divi||400&#8243; background_layout=\u00bbdark\u00bb animation_style=\u00bbslide\u00bb box_shadow_style=\u00bbpreset6&#8243; global_colors_info=\u00bb{}\u00bb][\/et_pb_button][\/et_pb_column][\/et_pb_row][\/et_pb_section]<\/p>\n","protected":false},"excerpt":{"rendered":"<p>Estimados Colegas Es grato dirigirme a ustedes con el objeto de informarles acerca de los requisitos para su incorporaci\u00f3n como CONTADORES P\u00daBLICOS:01. Carpeta de Inscripci\u00f3n en el Registro de Colegiatura, que incluye: Fichas de Solicitud de Ingreso Declaraci\u00f3n Jurada Constancia del curso de \u00e9tica Entre otros (*)\u00a0\u00a0 Costo S\/ 20.00 (*) Adquisici\u00f3n de la Carpeta [&hellip;]<\/p>\n","protected":false},"author":1,"featured_media":0,"parent":0,"menu_order":0,"comment_status":"closed","ping_status":"closed","template":"","meta":{"_et_pb_use_builder":"on","_et_pb_old_content":"","_et_gb_content_width":"","_joinchat":[],"footnotes":""},"class_list":["post-2687","page","type-page","status-publish","hentry"],"_links":{"self":[{"href":"https:\/\/www.ccplima.org.pe\/wp2\/wp-json\/wp\/v2\/pages\/2687","targetHints":{"allow":["GET"]}}],"collection":[{"href":"https:\/\/www.ccplima.org.pe\/wp2\/wp-json\/wp\/v2\/pages"}],"about":[{"href":"https:\/\/www.ccplima.org.pe\/wp2\/wp-json\/wp\/v2\/types\/page"}],"author":[{"embeddable":true,"href":"https:\/\/www.ccplima.org.pe\/wp2\/wp-json\/wp\/v2\/users\/1"}],"replies":[{"embeddable":true,"href":"https:\/\/www.ccplima.org.pe\/wp2\/wp-json\/wp\/v2\/comments?post=2687"}],"version-history":[{"count":55,"href":"https:\/\/www.ccplima.org.pe\/wp2\/wp-json\/wp\/v2\/pages\/2687\/revisions"}],"predecessor-version":[{"id":12838,"href":"https:\/\/www.ccplima.org.pe\/wp2\/wp-json\/wp\/v2\/pages\/2687\/revisions\/12838"}],"wp:attachment":[{"href":"https:\/\/www.ccplima.org.pe\/wp2\/wp-json\/wp\/v2\/media?parent=2687"}],"curies":[{"name":"wp","href":"https:\/\/api.w.org\/{rel}","templated":true}]}}