{"id":4880,"date":"2022-06-29T13:49:50","date_gmt":"2022-06-29T13:49:50","guid":{"rendered":"https:\/\/www.ccplima.org.pe\/wp2\/?page_id=4880"},"modified":"2026-04-16T20:34:57","modified_gmt":"2026-04-17T01:34:57","slug":"vitalicio","status":"publish","type":"page","link":"https:\/\/www.ccplima.org.pe\/wp2\/vitalicio\/","title":{"rendered":"Vitalicio"},"content":{"rendered":"<p>[et_pb_section fb_built=\u00bb1&#8243; fullwidth=\u00bbon\u00bb admin_label=\u00bbHero\u00bb _builder_version=\u00bb4.17.3&#8243; use_background_color_gradient=\u00bbon\u00bb background_color_gradient_direction=\u00bb90deg\u00bb background_color_gradient_stops=\u00bb#eeeff2 3%|rgba(238,239,242,0) 52%\u00bb background_color_gradient_overlays_image=\u00bbon\u00bb background_color_gradient_start=\u00bb#eeeff2&#8243; background_color_gradient_start_position=\u00bb33%\u00bb background_color_gradient_end=\u00bbrgba(238,239,242,0)\u00bb background_color_gradient_end_position=\u00bb52%\u00bb background_image=\u00bbhttps:\/\/www.ccplima.org.pe\/wp2\/wp-content\/uploads\/2026\/01\/1-WhatsApp-Image-2026-01-26-at-10.51.01.jpeg\u00bb hover_enabled=\u00bb0&#8243; global_colors_info=\u00bb{}\u00bb title_text=\u00bb1 WhatsApp Image 2026-01-26 at 10.51.01&#8243; sticky_enabled=\u00bb0&#8243;][et_pb_fullwidth_header title=\u00bbtr\u00e1mites\u00bb subhead=\u00bbVitalicio\u00bb content_max_width=\u00bb600px\u00bb _builder_version=\u00bb4.17.3&#8243; title_font=\u00bbRubik|700||on|||||\u00bb title_text_color=\u00bb#0C71C3&#8243; title_font_size=\u00bb20px\u00bb title_letter_spacing=\u00bb5px\u00bb title_line_height=\u00bb0.5em\u00bb content_font=\u00bbRubik||||||||\u00bb content_font_size=\u00bb18px\u00bb subhead_font=\u00bbRubik|700|||||||\u00bb subhead_text_color=\u00bbrgba(0,0,0,0.8)\u00bb subhead_font_size=\u00bb55px\u00bb subhead_line_height=\u00bb1.5em\u00bb background_color=\u00bbrgba(255,255,255,0)\u00bb use_background_color_gradient=\u00bbon\u00bb background_color_gradient_stops=\u00bbrgba(255,255,255,0) 50%|rgba(255,255,255,0.7) 100%\u00bb background_color_gradient_start=\u00bbrgba(255,255,255,0)\u00bb background_color_gradient_start_position=\u00bb50%\u00bb background_color_gradient_end=\u00bbrgba(255,255,255,0.7)\u00bb background_size=\u00bbcontain\u00bb background_position=\u00bbbottom_center\u00bb custom_button_one=\u00bbon\u00bb button_one_text_size=\u00bb16px\u00bb button_one_text_color=\u00bb#ffffff\u00bb button_one_bg_color=\u00bb#ff7355&#8243; button_one_border_width=\u00bb15px\u00bb button_one_border_color=\u00bbrgba(210,159,104,0)\u00bb button_one_border_radius=\u00bb100px\u00bb button_one_letter_spacing=\u00bb0px\u00bb button_one_font=\u00bbRubik|700|||||||\u00bb button_one_use_icon=\u00bboff\u00bb custom_button_two=\u00bbon\u00bb button_two_text_size=\u00bb16px\u00bb button_two_text_color=\u00bb#ffffff\u00bb button_two_bg_color=\u00bbrgba(0,0,0,0.6)\u00bb button_two_border_width=\u00bb15px\u00bb button_two_border_color=\u00bbrgba(210,159,104,0)\u00bb button_two_border_radius=\u00bb100px\u00bb button_two_letter_spacing=\u00bb0px\u00bb button_two_font=\u00bbRubik|700|||||||\u00bb button_two_use_icon=\u00bboff\u00bb background_layout=\u00bblight\u00bb max_width_last_edited=\u00bboff|desktop\u00bb module_alignment=\u00bbcenter\u00bb custom_margin=\u00bb|||\u00bb custom_padding=\u00bb8vw||12vw|||\u00bb subhead_font_size_tablet=\u00bb\u00bb subhead_font_size_phone=\u00bb30px\u00bb subhead_font_size_last_edited=\u00bbon|phone\u00bb button_one_border_radius_hover=\u00bb100px\u00bb button_two_border_radius_hover=\u00bb100px\u00bb button_one_bg_color_hover=\u00bb#ff8a70&#8243; button_two_bg_color_hover=\u00bb#ff8a70&#8243; global_colors_info=\u00bb{}\u00bb button_one_text_size__hover_enabled=\u00bboff\u00bb button_two_text_size__hover_enabled=\u00bboff\u00bb button_one_text_color__hover_enabled=\u00bboff\u00bb button_two_text_color__hover_enabled=\u00bboff\u00bb button_one_border_width__hover_enabled=\u00bboff\u00bb button_two_border_width__hover_enabled=\u00bboff\u00bb button_one_border_color__hover_enabled=\u00bboff\u00bb button_two_border_color__hover_enabled=\u00bboff\u00bb button_one_border_radius__hover_enabled=\u00bbon\u00bb button_one_border_radius__hover=\u00bb100px\u00bb button_two_border_radius__hover_enabled=\u00bbon\u00bb button_two_border_radius__hover=\u00bb100px\u00bb button_one_letter_spacing__hover_enabled=\u00bboff\u00bb button_two_letter_spacing__hover_enabled=\u00bboff\u00bb button_one_bg_color__hover_enabled=\u00bbon\u00bb button_one_bg_color__hover=\u00bb#ff8a70&#8243; button_two_bg_color__hover_enabled=\u00bbon\u00bb button_two_bg_color__hover=\u00bb#ff8a70&#8243;][\/et_pb_fullwidth_header][\/et_pb_section][et_pb_section fb_built=\u00bb1&#8243; admin_label=\u00bbAdmissions\u00bb _builder_version=\u00bb4.16&#8243; use_background_color_gradient=\u00bbon\u00bb background_color_gradient_stops=\u00bb#ffffff 0%|#e3e3e8 100%\u00bb background_color_gradient_start=\u00bb#ffffff\u00bb background_color_gradient_end=\u00bb#e3e3e8&#8243; background_image=\u00bbhttps:\/\/www.ccplima.org.pe\/wp2\/wp-content\/uploads\/2022\/04\/shapes-bg-1.png\u00bb parallax=\u00bbon\u00bb custom_padding=\u00bb|||\u00bb global_colors_info=\u00bb{}\u00bb][et_pb_row _builder_version=\u00bb4.17.3&#8243; _module_preset=\u00bbdefault\u00bb global_colors_info=\u00bb{}\u00bb][et_pb_column type=\u00bb4_4&#8243; _builder_version=\u00bb4.17.3&#8243; _module_preset=\u00bbdefault\u00bb global_colors_info=\u00bb{}\u00bb][et_pb_blurb title=\u00bbREQUISITOS PARA SER MIEMBRO VITALICIO\u00bb use_icon=\u00bbon\u00bb font_icon=\u00bb&#x68;||divi||400&#8243; icon_color=\u00bb#0C71C3&#8243; _builder_version=\u00bb4.17.3&#8243; _module_preset=\u00bbdefault\u00bb header_text_color=\u00bb#0C71C3&#8243; header_font_size=\u00bb32px\u00bb text_orientation=\u00bbcenter\u00bb global_colors_info=\u00bb{}\u00bb][\/et_pb_blurb][\/et_pb_column][\/et_pb_row][et_pb_row column_structure=\u00bb1_2,1_2&#8243; _builder_version=\u00bb4.16&#8243; global_colors_info=\u00bb{}\u00bb][et_pb_column type=\u00bb1_2&#8243; _builder_version=\u00bb4.16&#8243; custom_padding=\u00bb|||\u00bb global_colors_info=\u00bb{}\u00bb custom_padding__hover=\u00bb|||\u00bb][et_pb_text _builder_version=\u00bb4.17.3&#8243; text_font=\u00bb|500|||||||\u00bb text_font_size=\u00bb16px\u00bb header_font=\u00bb||||||||\u00bb header_2_font=\u00bbRubik|700|||||||\u00bb header_2_font_size=\u00bb40px\u00bb header_2_line_height=\u00bb1.4em\u00bb header_5_font=\u00bbRubik|700||on|||||\u00bb header_5_text_color=\u00bb#2b76df\u00bb header_5_letter_spacing=\u00bb5px\u00bb header_5_line_height=\u00bb1.5em\u00bb max_width=\u00bb700px\u00bb module_alignment=\u00bbcenter\u00bb custom_margin=\u00bb|||\u00bb custom_margin_tablet=\u00bb0px|||\u00bb custom_margin_last_edited=\u00bboff|desktop\u00bb text_line_height_last_edited=\u00bboff|desktop\u00bb header_2_font_size_tablet=\u00bb\u00bb header_2_font_size_phone=\u00bb30px\u00bb header_2_font_size_last_edited=\u00bbon|phone\u00bb locked=\u00bboff\u00bb global_colors_info=\u00bb{}\u00bb]<\/p>\n<h4 class=\"et_pb_module_header et-fb-editable-element et-fb-editable-element__editing\" data-shortcode-id=\"1.0.0.0-1655499050664\" data-quickaccess-id=\"header\" contenteditable=\"true\"><strong><span style=\"text-decoration: underline;\">Estimados Colegas<\/span><\/strong><\/h4>\n<p style=\"text-align: justify;\">Es grato dirigirme a ustedes con el objeto de informarles acerca de los requisitos para su solicitar ser miembro vitalicio en el COLEGIO DE CONTADORES P\u00daBLICOS DE LIMA:<\/p>\n<p>[\/et_pb_text][et_pb_text _builder_version=\u00bb4.17.3&#8243; text_font=\u00bbRubik|500|||||||\u00bb text_font_size=\u00bb16px\u00bb text_line_height=\u00bb1.2em\u00bb header_font=\u00bb||||||||\u00bb header_2_font=\u00bb||||||||\u00bb header_3_font=\u00bbRubik|700|||||||\u00bb header_3_text_color=\u00bb#0C71C3&#8243; header_3_font_size=\u00bb30px\u00bb header_5_font=\u00bb||||||||\u00bb max_width=\u00bb700px\u00bb module_alignment=\u00bbcenter\u00bb custom_margin=\u00bb|||\u00bb custom_margin_tablet=\u00bb0px|||\u00bb custom_margin_last_edited=\u00bboff|desktop\u00bb animation_style=\u00bbzoom\u00bb animation_intensity_zoom=\u00bb10%\u00bb text_line_height_last_edited=\u00bboff|desktop\u00bb header_2_font_size_phone=\u00bb30px\u00bb header_2_font_size_last_edited=\u00bboff|desktop\u00bb global_colors_info=\u00bb{}\u00bb]<\/p>\n<h3>01.<\/h3>\n<p style=\"text-align: justify;\">Ser miembro de la orden con 35 a\u00f1os o m\u00e1s de colegiaci\u00f3n y de cotizaci\u00f3n efectiva<\/p>\n<p>[\/et_pb_text][et_pb_text _builder_version=\u00bb4.17.3&#8243; text_font=\u00bbRubik|500|||||||\u00bb text_font_size=\u00bb16px\u00bb text_line_height=\u00bb1.2em\u00bb header_font=\u00bb||||||||\u00bb header_2_font=\u00bb||||||||\u00bb header_3_font=\u00bbRubik|700|||||||\u00bb header_3_text_color=\u00bb#C55F0D\u00bb header_3_font_size=\u00bb30px\u00bb header_5_font=\u00bb||||||||\u00bb max_width=\u00bb700px\u00bb module_alignment=\u00bbcenter\u00bb custom_margin=\u00bb|||\u00bb custom_margin_tablet=\u00bb0px|||\u00bb custom_margin_last_edited=\u00bboff|desktop\u00bb animation_style=\u00bbzoom\u00bb animation_intensity_zoom=\u00bb10%\u00bb text_line_height_last_edited=\u00bboff|desktop\u00bb header_2_font_size_phone=\u00bb30px\u00bb header_2_font_size_last_edited=\u00bboff|desktop\u00bb global_colors_info=\u00bb{}\u00bb]<\/p>\n<h3>02.<\/h3>\n<p style=\"text-align: justify;\">Descargar la ficha de solicitud de miembro vitalicio <a href=\"https:\/\/www.ccplima.org.pe\/wp2\/wp-content\/uploads\/2025\/05\/S_VITALICIO.docx.pdf\" target=\"_blank\" rel=\"noopener\">\u00abFICHA DE SOLICITUD DE MIEMBRO VITALICIO\u00bb<\/a><\/p>\n<p>[\/et_pb_text][et_pb_text _builder_version=\u00bb4.17.3&#8243; text_font=\u00bbRubik|500|||||||\u00bb text_font_size=\u00bb16px\u00bb text_line_height=\u00bb1.2em\u00bb header_font=\u00bb||||||||\u00bb header_2_font=\u00bb||||||||\u00bb header_3_font=\u00bbRubik|700|||||||\u00bb header_3_text_color=\u00bb#7CDA24&#8243; header_3_font_size=\u00bb30px\u00bb header_5_font=\u00bb||||||||\u00bb max_width=\u00bb700px\u00bb module_alignment=\u00bbcenter\u00bb custom_margin=\u00bb|||\u00bb custom_margin_tablet=\u00bb0px|||\u00bb custom_margin_last_edited=\u00bboff|desktop\u00bb animation_style=\u00bbzoom\u00bb animation_intensity_zoom=\u00bb10%\u00bb text_line_height_last_edited=\u00bboff|desktop\u00bb header_2_font_size_phone=\u00bb30px\u00bb header_2_font_size_last_edited=\u00bboff|desktop\u00bb global_colors_info=\u00bb{}\u00bb]<\/p>\n<h3>03.<\/h3>\n<p>Copia del diploma original de colegiatura<\/p>\n<p>[\/et_pb_text][\/et_pb_column][et_pb_column type=\u00bb1_2&#8243; _builder_version=\u00bb4.16&#8243; custom_padding=\u00bb|||\u00bb global_colors_info=\u00bb{}\u00bb custom_padding__hover=\u00bb|||\u00bb][et_pb_text _builder_version=\u00bb4.17.3&#8243; text_font=\u00bbRubik|500|||||||\u00bb text_font_size=\u00bb16px\u00bb text_line_height=\u00bb1.2em\u00bb header_font=\u00bb||||||||\u00bb header_2_font=\u00bb||||||||\u00bb header_3_font=\u00bbRubik|700|||||||\u00bb header_3_text_color=\u00bb#8300E9&#8243; header_3_font_size=\u00bb30px\u00bb header_5_font=\u00bb||||||||\u00bb max_width=\u00bb700px\u00bb module_alignment=\u00bbcenter\u00bb custom_margin=\u00bb|||\u00bb custom_margin_tablet=\u00bb0px|||\u00bb custom_margin_last_edited=\u00bboff|desktop\u00bb animation_style=\u00bbzoom\u00bb animation_intensity_zoom=\u00bb10%\u00bb text_line_height_last_edited=\u00bboff|desktop\u00bb header_2_font_size_phone=\u00bb30px\u00bb header_2_font_size_last_edited=\u00bboff|desktop\u00bb global_colors_info=\u00bb{}\u00bb]<\/p>\n<h3>04.<\/h3>\n<p style=\"text-align: justify;\">Copia del \u00faltimo recibo de pago de cuotas y\/o constancia de habilidad debidamente validadas por la instituci\u00f3n<\/p>\n<p>[\/et_pb_text][et_pb_text _builder_version=\u00bb4.17.3&#8243; text_font=\u00bbRubik|500|||||||\u00bb text_font_size=\u00bb16px\u00bb text_line_height=\u00bb1.2em\u00bb header_font=\u00bb||||||||\u00bb header_2_font=\u00bb||||||||\u00bb header_3_font=\u00bbRubik|700|||||||\u00bb header_3_text_color=\u00bb#E09900&#8243; header_3_font_size=\u00bb30px\u00bb header_5_font=\u00bb||||||||\u00bb max_width=\u00bb700px\u00bb module_alignment=\u00bbcenter\u00bb custom_margin=\u00bb|||\u00bb custom_margin_tablet=\u00bb0px|||\u00bb custom_margin_last_edited=\u00bboff|desktop\u00bb animation_style=\u00bbzoom\u00bb animation_intensity_zoom=\u00bb10%\u00bb text_line_height_last_edited=\u00bboff|desktop\u00bb header_2_font_size_phone=\u00bb30px\u00bb header_2_font_size_last_edited=\u00bboff|desktop\u00bb global_colors_info=\u00bb{}\u00bb]<\/p>\n<h3>05.<\/h3>\n<p style=\"text-align: justify;\">Presentar los documentos en mesa de partes del Colegio ubicado en Av. Alejandro Tirado 181 &#8211; Lima<\/p>\n<p>[\/et_pb_text][et_pb_text _builder_version=\u00bb4.17.3&#8243; _module_preset=\u00bbdefault\u00bb text_line_height=\u00bb1.3em\u00bb custom_margin=\u00bb84px||||false|false\u00bb global_colors_info=\u00bb{}\u00bb]<\/p>\n<h5 style=\"text-align: center;\"><strong>CPC. FRANCISCO MAURO GARC\u00cdA ESPINOZA<\/strong><\/h5>\n<p style=\"text-align: justify;\"><strong>Decano del Colegio de Contadores P\u00fablicos de Lima, Periodo 2025 &#8211; 2027<\/strong><\/p>\n<p style=\"text-align: justify;\"><strong>(*) <\/strong>LOS FORMATOS DEBEN ESTAR CON LOS DATOS COMPLETOS Y CORRECTOS, FIRMADOS Y CON HUELLA DIGITAL DE ACUERDO A SU DOCUMENTO DE IDENTIDAD.<\/p>\n<p>[\/et_pb_text][\/et_pb_column][\/et_pb_row][\/et_pb_section]<\/p>\n","protected":false},"excerpt":{"rendered":"<p>Estimados Colegas Es grato dirigirme a ustedes con el objeto de informarles acerca de los requisitos para su solicitar ser miembro vitalicio en el COLEGIO DE CONTADORES P\u00daBLICOS DE LIMA:01. Ser miembro de la orden con 35 a\u00f1os o m\u00e1s de colegiaci\u00f3n y de cotizaci\u00f3n efectiva02. Descargar la ficha de solicitud de miembro vitalicio \u00abFICHA [&hellip;]<\/p>\n","protected":false},"author":1,"featured_media":0,"parent":0,"menu_order":0,"comment_status":"closed","ping_status":"closed","template":"","meta":{"_et_pb_use_builder":"on","_et_pb_old_content":"","_et_gb_content_width":"","_joinchat":[],"footnotes":""},"class_list":["post-4880","page","type-page","status-publish","hentry"],"_links":{"self":[{"href":"https:\/\/www.ccplima.org.pe\/wp2\/wp-json\/wp\/v2\/pages\/4880","targetHints":{"allow":["GET"]}}],"collection":[{"href":"https:\/\/www.ccplima.org.pe\/wp2\/wp-json\/wp\/v2\/pages"}],"about":[{"href":"https:\/\/www.ccplima.org.pe\/wp2\/wp-json\/wp\/v2\/types\/page"}],"author":[{"embeddable":true,"href":"https:\/\/www.ccplima.org.pe\/wp2\/wp-json\/wp\/v2\/users\/1"}],"replies":[{"embeddable":true,"href":"https:\/\/www.ccplima.org.pe\/wp2\/wp-json\/wp\/v2\/comments?post=4880"}],"version-history":[{"count":16,"href":"https:\/\/www.ccplima.org.pe\/wp2\/wp-json\/wp\/v2\/pages\/4880\/revisions"}],"predecessor-version":[{"id":12846,"href":"https:\/\/www.ccplima.org.pe\/wp2\/wp-json\/wp\/v2\/pages\/4880\/revisions\/12846"}],"wp:attachment":[{"href":"https:\/\/www.ccplima.org.pe\/wp2\/wp-json\/wp\/v2\/media?parent=4880"}],"curies":[{"name":"wp","href":"https:\/\/api.w.org\/{rel}","templated":true}]}}